{"id":34,"date":"2021-10-25T14:28:20","date_gmt":"2021-10-25T14:28:20","guid":{"rendered":"https:\/\/rbglobalconsulting.com\/?page_id=34"},"modified":"2024-02-08T12:05:48","modified_gmt":"2024-02-08T12:05:48","slug":"qui-som","status":"publish","type":"page","link":"https:\/\/rbglobalconsulting.com\/en\/qui-som\/","title":{"rendered":"About us"},"content":{"rendered":"<div class=\"wpb-content-wrapper\"><div data-parent=\"true\" class=\"vc_row row-container\" id=\"row-unique-0\"><div class=\"row-background background-element\" style=\"opacity: 1;\">\n\t\t\t\t\t\t\t\t\t\t\t<div class=\"background-wrapper\">\n\t\t\t\t\t\t\t\t\t\t\t\t<div class=\"background-inner\"><\/div>\n\t\t\t\t\t\t\t\t\t\t\t\t<div class=\"block-bg-overlay style-color-xsdn-bg\" style=\"opacity: 0.5;\"><\/div>\n\t\t\t\t\t\t\t\t\t\t\t<\/div>\n\t\t\t\t\t\t\t\t\t\t<\/div><div class=\"row exa-top-padding exa-bottom-padding single-h-padding limit-width row-parent\" data-height-ratio=\"60\"><div class=\"wpb_row row-inner\"><div class=\"wpb_column pos-middle pos-center align_center column_parent col-lg-12 half-internal-gutter\"><div class=\"uncol style-light animate_when_almost_visible bottom-t-top\"  data-speed=\"1000\"><div class=\"uncoltable\"><div class=\"uncell\" ><div class=\"uncont no-block-padding col-custom-width\" style=\" max-width:70%;\" ><div class=\"vc_custom_heading_wrap\"><div class=\"heading-text el-text\" ><h6 class=\"h3 font-weight-600 text-color-194971-color\" ><span>About us<\/span><\/h6><\/div><div class=\"clear\"><\/div><\/div><\/div><\/div><\/div><\/div><\/div><script id=\"script-row-unique-0\" data-row=\"script-row-unique-0\" type=\"text\/javascript\" class=\"vc_controls\">UNCODE.initRow(document.getElementById(\"row-unique-0\"));<\/script><\/div><\/div><\/div><div data-parent=\"true\" class=\"vc_row style-color-xsdn-bg row-container\" id=\"row-unique-1\"><div class=\"row limit-width row-parent\"><div class=\"wpb_row row-inner\"><div class=\"wpb_column pos-top pos-center align_left column_parent col-lg-6 single-internal-gutter\"><div class=\"uncol style-light\"  ><div class=\"uncoltable\"><div class=\"uncell no-block-padding\" ><div class=\"uncont\" ><div class=\"uncode-single-media  text-center\"><div class=\"single-wrapper\" style=\"max-width: 60%;\"><div class=\"tmb tmb-light  tmb-media-first tmb-media-last tmb-content-overlay tmb-no-bg\"><div class=\"t-inside\"><div class=\"t-entry-visual\"><div class=\"t-entry-visual-tc\"><div class=\"uncode-single-media-wrapper\"><img decoding=\"async\" class=\"wp-image-119\" src=\"https:\/\/rbglobalconsulting.com\/wp-content\/uploads\/2021\/12\/DSC_0610.jpg\" width=\"533\" height=\"800\" alt=\"Qui som rb global consulting\" srcset=\"https:\/\/rbglobalconsulting.com\/wp-content\/uploads\/2021\/12\/DSC_0610.jpg 533w, https:\/\/rbglobalconsulting.com\/wp-content\/uploads\/2021\/12\/DSC_0610-200x300.jpg 200w, https:\/\/rbglobalconsulting.com\/wp-content\/uploads\/2021\/12\/DSC_0610-8x12.jpg 8w\" sizes=\"(max-width: 533px) 100vw, 533px\" \/><\/div>\n\t\t\t\t\t<\/div>\n\t\t\t\t<\/div><\/div><\/div><\/div><\/div><\/div><\/div><\/div><\/div><\/div><div class=\"wpb_column pos-top pos-center align_left column_parent col-lg-6 single-internal-gutter\"><div class=\"uncol style-light\"  ><div class=\"uncoltable\"><div class=\"uncell no-block-padding\" ><div class=\"uncont\" ><div class=\"uncode_text_column text-lead\" ><p class=\"translation-block\">Jordi Rodr\u00edguez Lumbiarres, Founder and Manager <br>\nof <strong> RB Global Consulting <\/strong>, he has more than 20 years of experience in the construction and services sector.<\/p>\n<p>T\u00e9 una \u00e0mplia experi\u00e8ncia en la gesti\u00f3 de Prevenci\u00f3 de Riscos Laborals, Qualitat, Medi ambient, Sostenibilitat, I+D+i, i Protecci\u00f3 de Dades. Ha ocupat diversos c\u00e0rrecs Directius en companyies d&#8217;\u00e0mbit Nacional i Internacional. Experi\u00e8ncia compaginada des de fa ja m\u00e9s de 10 anys, amb la Gesti\u00f3 d&#8217;Actius Immobiliaris.<\/p>\n<\/div><\/div><\/div><\/div><\/div><\/div><script id=\"script-row-unique-1\" data-row=\"script-row-unique-1\" type=\"text\/javascript\" class=\"vc_controls\">UNCODE.initRow(document.getElementById(\"row-unique-1\"));<\/script><\/div><\/div><\/div><div data-parent=\"true\" class=\"vc_row style-color-194971-bg row-container\" id=\"row-unique-2\"><div class=\"row col-double-gutter quad-top-padding quad-bottom-padding no-h-padding full-width row-parent\"><div class=\"wpb_row auto-height-device row-inner\"><div class=\"wpb_column pos-top pos-center align_center column_parent col-lg-12 col-md-25 double-internal-gutter\"><div class=\"uncol style-dark animate_when_almost_visible left-t-right\"  data-speed=\"1000\"><div class=\"uncoltable\"><div class=\"uncell no-block-padding\" ><div class=\"uncont\" ><div class=\"vc_custom_heading_wrap\"><div class=\"heading-text el-text\" ><h6 class=\"h3 font-weight-600\" ><span>Contacta&#8217;ns per a m\u00e9s informaci\u00f3<\/span><\/h6><div><p>We adapt to your needs<\/p>\n<\/div><\/div><div class=\"clear\"><\/div><\/div><span class=\"btn-container\" ><a href=\"https:\/\/rbglobalconsulting.com\/en\/contacte\/\" class=\"custom-link btn btn-xl btn-custom-typo font-137436 font-weight-400 text-capitalize no-letterspace border-width-0 btn-default btn-square btn-icon-left\" title=\"Contact\" target=\"_blank\">Contact<\/a><\/span><\/div><\/div><\/div><\/div><\/div><script id=\"script-row-unique-2\" data-row=\"script-row-unique-2\" type=\"text\/javascript\" class=\"vc_controls\">UNCODE.initRow(document.getElementById(\"row-unique-2\"));<\/script><\/div><\/div><\/div>\n<\/div>","protected":false},"excerpt":{"rendered":"Qui som? Jordi Rodr\u00edguez Lumbiarres, Fundador i Manager de RB Global Consulting, t\u00e9 m\u00e9s de 20 anys d&#8217;experi\u00e8ncia en el [...]","protected":false},"author":1,"featured_media":0,"parent":0,"menu_order":0,"comment_status":"closed","ping_status":"closed","template":"","meta":{"footnotes":""},"class_list":["post-34","page","type-page","status-publish","hentry"],"yoast_head":"<!-- This site is optimized with the Yoast SEO plugin v27.4 - https:\/\/yoast.com\/product\/yoast-seo-wordpress\/ -->\n<title>Qui som - RB Global Consulting<\/title>\n<meta name=\"description\" content=\"Qui som? Amb m\u00e9s de 20 anys d\u2019experi\u00e8ncia en el sector de la construcci\u00f3 i dels serveis. Tenim una \u00e0mplia experi\u00e8ncia...\" \/>\n<meta name=\"robots\" content=\"index, follow, max-snippet:-1, max-image-preview:large, max-video-preview:-1\" \/>\n<link rel=\"canonical\" href=\"https:\/\/rbglobalconsulting.com\/en\/qui-som\/\" \/>\n<meta property=\"og:locale\" content=\"en_GB\" \/>\n<meta property=\"og:type\" content=\"article\" \/>\n<meta property=\"og:title\" content=\"Qui som - RB Global Consulting\" \/>\n<meta property=\"og:description\" content=\"Qui som? Amb m\u00e9s de 20 anys d\u2019experi\u00e8ncia en el sector de la construcci\u00f3 i dels serveis. Tenim una \u00e0mplia experi\u00e8ncia...\" \/>\n<meta property=\"og:url\" content=\"https:\/\/rbglobalconsulting.com\/en\/qui-som\/\" \/>\n<meta property=\"og:site_name\" content=\"RB Global Consulting\" \/>\n<meta property=\"article:modified_time\" content=\"2024-02-08T12:05:48+00:00\" \/>\n<meta name=\"twitter:card\" content=\"summary_large_image\" \/>\n<meta name=\"twitter:label1\" content=\"Estimated reading time\" \/>\n\t<meta name=\"twitter:data1\" content=\"1 minute\" \/>\n<script type=\"application\/ld+json\" class=\"yoast-schema-graph\">{\"@context\":\"https:\\\/\\\/schema.org\",\"@graph\":[{\"@type\":\"WebPage\",\"@id\":\"https:\\\/\\\/rbglobalconsulting.com\\\/qui-som\\\/\",\"url\":\"https:\\\/\\\/rbglobalconsulting.com\\\/qui-som\\\/\",\"name\":\"Qui som - RB Global Consulting\",\"isPartOf\":{\"@id\":\"https:\\\/\\\/rbglobalconsulting.com\\\/#website\"},\"datePublished\":\"2021-10-25T14:28:20+00:00\",\"dateModified\":\"2024-02-08T12:05:48+00:00\",\"description\":\"Qui som? Amb m\u00e9s de 20 anys d\u2019experi\u00e8ncia en el sector de la construcci\u00f3 i dels serveis. Tenim una \u00e0mplia experi\u00e8ncia...\",\"breadcrumb\":{\"@id\":\"https:\\\/\\\/rbglobalconsulting.com\\\/qui-som\\\/#breadcrumb\"},\"inLanguage\":\"en-GB\",\"potentialAction\":[{\"@type\":\"ReadAction\",\"target\":[\"https:\\\/\\\/rbglobalconsulting.com\\\/qui-som\\\/\"]}]},{\"@type\":\"BreadcrumbList\",\"@id\":\"https:\\\/\\\/rbglobalconsulting.com\\\/qui-som\\\/#breadcrumb\",\"itemListElement\":[{\"@type\":\"ListItem\",\"position\":1,\"name\":\"Portada\",\"item\":\"https:\\\/\\\/rbglobalconsulting.com\\\/\"},{\"@type\":\"ListItem\",\"position\":2,\"name\":\"Qui som\"}]},{\"@type\":\"WebSite\",\"@id\":\"https:\\\/\\\/rbglobalconsulting.com\\\/#website\",\"url\":\"https:\\\/\\\/rbglobalconsulting.com\\\/\",\"name\":\"RB Global Consulting\",\"description\":\"Prevenci\u00f3 de riscos laborals, entorn i qualitat\",\"potentialAction\":[{\"@type\":\"SearchAction\",\"target\":{\"@type\":\"EntryPoint\",\"urlTemplate\":\"https:\\\/\\\/rbglobalconsulting.com\\\/?s={search_term_string}\"},\"query-input\":{\"@type\":\"PropertyValueSpecification\",\"valueRequired\":true,\"valueName\":\"search_term_string\"}}],\"inLanguage\":\"en-GB\"}]}<\/script>\n<!-- \/ Yoast SEO plugin. -->","yoast_head_json":{"title":"Qui som - RB Global Consulting","description":"Qui som? Amb m\u00e9s de 20 anys d\u2019experi\u00e8ncia en el sector de la construcci\u00f3 i dels serveis. Tenim una \u00e0mplia experi\u00e8ncia...","robots":{"index":"index","follow":"follow","max-snippet":"max-snippet:-1","max-image-preview":"max-image-preview:large","max-video-preview":"max-video-preview:-1"},"canonical":"https:\/\/rbglobalconsulting.com\/en\/qui-som\/","og_locale":"en_GB","og_type":"article","og_title":"Qui som - RB Global Consulting","og_description":"Qui som? Amb m\u00e9s de 20 anys d\u2019experi\u00e8ncia en el sector de la construcci\u00f3 i dels serveis. Tenim una \u00e0mplia experi\u00e8ncia...","og_url":"https:\/\/rbglobalconsulting.com\/en\/qui-som\/","og_site_name":"RB Global Consulting","article_modified_time":"2024-02-08T12:05:48+00:00","twitter_card":"summary_large_image","twitter_misc":{"Estimated reading time":"1 minute"},"schema":{"@context":"https:\/\/schema.org","@graph":[{"@type":"WebPage","@id":"https:\/\/rbglobalconsulting.com\/qui-som\/","url":"https:\/\/rbglobalconsulting.com\/qui-som\/","name":"Qui som - RB Global Consulting","isPartOf":{"@id":"https:\/\/rbglobalconsulting.com\/#website"},"datePublished":"2021-10-25T14:28:20+00:00","dateModified":"2024-02-08T12:05:48+00:00","description":"Qui som? Amb m\u00e9s de 20 anys d\u2019experi\u00e8ncia en el sector de la construcci\u00f3 i dels serveis. Tenim una \u00e0mplia experi\u00e8ncia...","breadcrumb":{"@id":"https:\/\/rbglobalconsulting.com\/qui-som\/#breadcrumb"},"inLanguage":"en-GB","potentialAction":[{"@type":"ReadAction","target":["https:\/\/rbglobalconsulting.com\/qui-som\/"]}]},{"@type":"BreadcrumbList","@id":"https:\/\/rbglobalconsulting.com\/qui-som\/#breadcrumb","itemListElement":[{"@type":"ListItem","position":1,"name":"Portada","item":"https:\/\/rbglobalconsulting.com\/"},{"@type":"ListItem","position":2,"name":"Qui som"}]},{"@type":"WebSite","@id":"https:\/\/rbglobalconsulting.com\/#website","url":"https:\/\/rbglobalconsulting.com\/","name":"RB Global Consulting","description":"Prevenci\u00f3 de riscos laborals, entorn i qualitat","potentialAction":[{"@type":"SearchAction","target":{"@type":"EntryPoint","urlTemplate":"https:\/\/rbglobalconsulting.com\/?s={search_term_string}"},"query-input":{"@type":"PropertyValueSpecification","valueRequired":true,"valueName":"search_term_string"}}],"inLanguage":"en-GB"}]}},"_links":{"self":[{"href":"https:\/\/rbglobalconsulting.com\/en\/wp-json\/wp\/v2\/pages\/34","targetHints":{"allow":["GET"]}}],"collection":[{"href":"https:\/\/rbglobalconsulting.com\/en\/wp-json\/wp\/v2\/pages"}],"about":[{"href":"https:\/\/rbglobalconsulting.com\/en\/wp-json\/wp\/v2\/types\/page"}],"author":[{"embeddable":true,"href":"https:\/\/rbglobalconsulting.com\/en\/wp-json\/wp\/v2\/users\/1"}],"replies":[{"embeddable":true,"href":"https:\/\/rbglobalconsulting.com\/en\/wp-json\/wp\/v2\/comments?post=34"}],"version-history":[{"count":22,"href":"https:\/\/rbglobalconsulting.com\/en\/wp-json\/wp\/v2\/pages\/34\/revisions"}],"predecessor-version":[{"id":308,"href":"https:\/\/rbglobalconsulting.com\/en\/wp-json\/wp\/v2\/pages\/34\/revisions\/308"}],"wp:attachment":[{"href":"https:\/\/rbglobalconsulting.com\/en\/wp-json\/wp\/v2\/media?parent=34"}],"curies":[{"name":"wp","href":"https:\/\/api.w.org\/{rel}","templated":true}]}}