{"id":44,"date":"2021-10-25T14:38:33","date_gmt":"2021-10-25T14:38:33","guid":{"rendered":"https:\/\/rbglobalconsulting.com\/?page_id=44"},"modified":"2022-01-19T12:15:26","modified_gmt":"2022-01-19T12:15:26","slug":"aviso-legal","status":"publish","type":"page","link":"https:\/\/rbglobalconsulting.com\/en\/aviso-legal\/","title":{"rendered":"Aviso legal"},"content":{"rendered":"<div class=\"wpb-content-wrapper\"><div data-parent=\"true\" class=\"vc_row row-container\" id=\"row-unique-0\"><div class=\"row limit-width row-parent\"><div class=\"wpb_row row-inner\"><div class=\"wpb_column pos-top pos-center align_left column_parent col-lg-12 single-internal-gutter\"><div class=\"uncol style-light\"  ><div class=\"uncoltable\"><div class=\"uncell no-block-padding\" ><div class=\"uncont\" ><div class=\"uncode_text_column\" ><\/p>\n<h2 style=\"text-align: center;\">Aviso legal<\/h2>\n<p><strong>Condiciones de uso del portal<\/strong><\/p>\n<p>Mediante esta p\u00e1gina web se facilita el acceso al portal web de RB GLOBAL CONSULTING SOLUTIONS S.L. El hecho de conectarse a esta p\u00e1gina web implica la aceptaci\u00f3n del presente Aviso Legal. Nos reservamos el derecho a modificar en cualquier momento el aviso legal.<\/p>\n<p>&nbsp;<\/p>\n<p><strong>Pol\u00edtica de privacidad<\/strong><\/p>\n<p>RB GLOBAL CONSULTING SOLUTIONS S.L realiza dos tipos de captaci\u00f3n de datos: los personales y los no personales. Los datos no personales son el IP del visitante, ya que para fines estad\u00edsticos este despacho considera necesario saber el pa\u00eds de procedencia de la visita y el n\u00famero de las mismas. Estos datos son \u00fanicamente consultados por nuestro personal y nunca revelan datos que puedan identificar directa o indirectamente al visitante de la p\u00e1gina web.<\/p>\n<p>&nbsp;<\/p>\n<p><strong>Propiedad intelectual<\/strong><\/p>\n<p>Todos los contenidos del Portal, entendiendo por estos a t\u00edtulo meramente enunciativo los textos, fotograf\u00edas, gr\u00e1ficos, im\u00e1genes, iconos, tecnolog\u00eda, software, links y dem\u00e1s contenidos, as\u00ed como su dise\u00f1o gr\u00e1fico y c\u00f3digos fuente son propiedad intelectual de nuestra entidad, sin que puedan entenderse cedidos al Usuario ninguno de los derechos de explotaci\u00f3n sobre los mismos m\u00e1s all\u00e1 de los estrictamente necesario para el correcto uso del Portal.<\/p>\n<p>Estos derechos est\u00e1n registrados en el Registro de la Propiedad Intelectual.<\/p>\n<p>&nbsp;<\/p>\n<p><strong>Cumplimiento de LSSI<\/strong><\/p>\n<p>En cumplimiento de los dispuesto en el art\u00edculo 10 de la Ley de Servicios de la Sociedad de la Informaci\u00f3n y Comercio electr\u00f3nico (Ley 34\/2002) le informamos de los siguientes aspectos:<\/p>\n<ul>\n<li>RB GLOBAL CONSULTING SOLUTIONS S.L es una sociedad mercantil inscrita en el Registro Mercantil de Girona, al tomo 3351, folio 111, hoja 70253.<\/li>\n<li>El domicilio social est\u00e1 sito en Av. del Padr\u00f3, 30. 17462. Bordils. Girona.<\/li>\n<li>El email de contacto es el\u00a0<a href=\"mailto:info@rbglobalconsulting.com\"><em>info@rbglobalconsulting.com<\/em><\/a>.<\/li>\n<li>El CIF es B-67855932.<\/li>\n<\/ul>\n<p>Exclusi\u00f3n de responsabilidad<\/p>\n<p>RB GLOBAL CONSULTING SOLUTIONS S.L declina cualquier tipo de responsabilidad por las respuestas de resoluci\u00f3n de consultas y\/o los hiperenlaces de su web, en su caso.<\/p>\n<p>Asimismo, no se responsabiliza del da\u00f1o que se pudiera derivar por un incorrecto uso de esta web o a alguno de los portales que aparezcan como hiperv\u00ednculos en nuestra web.<\/p>\n<p>&nbsp;<\/p>\n<p><strong>Ley aplicable y jurisdicci\u00f3n<\/strong><\/p>\n<p>Para cualquier controversia relacionada con el presente aviso legal las partes aceptan el sometimiento expreso a los juzgados de Girona.<\/p>\n<\/div><\/div><\/div><\/div><\/div><\/div><script id=\"script-row-unique-0\" data-row=\"script-row-unique-0\" type=\"text\/javascript\" class=\"vc_controls\">UNCODE.initRow(document.getElementById(\"row-unique-0\"));<\/script><\/div><\/div><\/div>\n<\/div>","protected":false},"excerpt":{"rendered":"Aviso legal Condiciones de uso del portal Mediante esta p\u00e1gina web se facilita el acceso al portal web de RB [...]","protected":false},"author":1,"featured_media":0,"parent":0,"menu_order":0,"comment_status":"closed","ping_status":"closed","template":"","meta":{"footnotes":""},"class_list":["post-44","page","type-page","status-publish","hentry"],"yoast_head":"<!-- This site is optimized with the Yoast SEO plugin v27.4 - https:\/\/yoast.com\/product\/yoast-seo-wordpress\/ -->\n<title>Aviso legal - RB Global Consulting<\/title>\n<meta name=\"robots\" content=\"index, follow, max-snippet:-1, max-image-preview:large, max-video-preview:-1\" \/>\n<link rel=\"canonical\" href=\"https:\/\/rbglobalconsulting.com\/en\/aviso-legal\/\" \/>\n<meta property=\"og:locale\" content=\"en_GB\" \/>\n<meta property=\"og:type\" content=\"article\" \/>\n<meta property=\"og:title\" content=\"Aviso legal - RB Global Consulting\" \/>\n<meta property=\"og:url\" content=\"https:\/\/rbglobalconsulting.com\/en\/aviso-legal\/\" \/>\n<meta property=\"og:site_name\" content=\"RB Global Consulting\" \/>\n<meta property=\"article:modified_time\" content=\"2022-01-19T12:15:26+00:00\" \/>\n<meta name=\"twitter:card\" content=\"summary_large_image\" \/>\n<meta name=\"twitter:label1\" content=\"Estimated reading time\" \/>\n\t<meta name=\"twitter:data1\" content=\"2 minutes\" \/>\n<script type=\"application\/ld+json\" class=\"yoast-schema-graph\">{\"@context\":\"https:\\\/\\\/schema.org\",\"@graph\":[{\"@type\":\"WebPage\",\"@id\":\"https:\\\/\\\/rbglobalconsulting.com\\\/aviso-legal\\\/\",\"url\":\"https:\\\/\\\/rbglobalconsulting.com\\\/aviso-legal\\\/\",\"name\":\"Aviso legal - RB Global Consulting\",\"isPartOf\":{\"@id\":\"https:\\\/\\\/rbglobalconsulting.com\\\/#website\"},\"datePublished\":\"2021-10-25T14:38:33+00:00\",\"dateModified\":\"2022-01-19T12:15:26+00:00\",\"breadcrumb\":{\"@id\":\"https:\\\/\\\/rbglobalconsulting.com\\\/aviso-legal\\\/#breadcrumb\"},\"inLanguage\":\"en-GB\",\"potentialAction\":[{\"@type\":\"ReadAction\",\"target\":[\"https:\\\/\\\/rbglobalconsulting.com\\\/aviso-legal\\\/\"]}]},{\"@type\":\"BreadcrumbList\",\"@id\":\"https:\\\/\\\/rbglobalconsulting.com\\\/aviso-legal\\\/#breadcrumb\",\"itemListElement\":[{\"@type\":\"ListItem\",\"position\":1,\"name\":\"Portada\",\"item\":\"https:\\\/\\\/rbglobalconsulting.com\\\/\"},{\"@type\":\"ListItem\",\"position\":2,\"name\":\"Aviso legal\"}]},{\"@type\":\"WebSite\",\"@id\":\"https:\\\/\\\/rbglobalconsulting.com\\\/#website\",\"url\":\"https:\\\/\\\/rbglobalconsulting.com\\\/\",\"name\":\"RB Global Consulting\",\"description\":\"Prevenci\u00f3 de riscos laborals, entorn i qualitat\",\"potentialAction\":[{\"@type\":\"SearchAction\",\"target\":{\"@type\":\"EntryPoint\",\"urlTemplate\":\"https:\\\/\\\/rbglobalconsulting.com\\\/?s={search_term_string}\"},\"query-input\":{\"@type\":\"PropertyValueSpecification\",\"valueRequired\":true,\"valueName\":\"search_term_string\"}}],\"inLanguage\":\"en-GB\"}]}<\/script>\n<!-- \/ Yoast SEO plugin. -->","yoast_head_json":{"title":"Aviso legal - RB Global Consulting","robots":{"index":"index","follow":"follow","max-snippet":"max-snippet:-1","max-image-preview":"max-image-preview:large","max-video-preview":"max-video-preview:-1"},"canonical":"https:\/\/rbglobalconsulting.com\/en\/aviso-legal\/","og_locale":"en_GB","og_type":"article","og_title":"Aviso legal - RB Global Consulting","og_url":"https:\/\/rbglobalconsulting.com\/en\/aviso-legal\/","og_site_name":"RB Global Consulting","article_modified_time":"2022-01-19T12:15:26+00:00","twitter_card":"summary_large_image","twitter_misc":{"Estimated reading time":"2 minutes"},"schema":{"@context":"https:\/\/schema.org","@graph":[{"@type":"WebPage","@id":"https:\/\/rbglobalconsulting.com\/aviso-legal\/","url":"https:\/\/rbglobalconsulting.com\/aviso-legal\/","name":"Aviso legal - RB Global Consulting","isPartOf":{"@id":"https:\/\/rbglobalconsulting.com\/#website"},"datePublished":"2021-10-25T14:38:33+00:00","dateModified":"2022-01-19T12:15:26+00:00","breadcrumb":{"@id":"https:\/\/rbglobalconsulting.com\/aviso-legal\/#breadcrumb"},"inLanguage":"en-GB","potentialAction":[{"@type":"ReadAction","target":["https:\/\/rbglobalconsulting.com\/aviso-legal\/"]}]},{"@type":"BreadcrumbList","@id":"https:\/\/rbglobalconsulting.com\/aviso-legal\/#breadcrumb","itemListElement":[{"@type":"ListItem","position":1,"name":"Portada","item":"https:\/\/rbglobalconsulting.com\/"},{"@type":"ListItem","position":2,"name":"Aviso legal"}]},{"@type":"WebSite","@id":"https:\/\/rbglobalconsulting.com\/#website","url":"https:\/\/rbglobalconsulting.com\/","name":"RB Global Consulting","description":"Prevenci\u00f3 de riscos laborals, entorn i qualitat","potentialAction":[{"@type":"SearchAction","target":{"@type":"EntryPoint","urlTemplate":"https:\/\/rbglobalconsulting.com\/?s={search_term_string}"},"query-input":{"@type":"PropertyValueSpecification","valueRequired":true,"valueName":"search_term_string"}}],"inLanguage":"en-GB"}]}},"_links":{"self":[{"href":"https:\/\/rbglobalconsulting.com\/en\/wp-json\/wp\/v2\/pages\/44","targetHints":{"allow":["GET"]}}],"collection":[{"href":"https:\/\/rbglobalconsulting.com\/en\/wp-json\/wp\/v2\/pages"}],"about":[{"href":"https:\/\/rbglobalconsulting.com\/en\/wp-json\/wp\/v2\/types\/page"}],"author":[{"embeddable":true,"href":"https:\/\/rbglobalconsulting.com\/en\/wp-json\/wp\/v2\/users\/1"}],"replies":[{"embeddable":true,"href":"https:\/\/rbglobalconsulting.com\/en\/wp-json\/wp\/v2\/comments?post=44"}],"version-history":[{"count":5,"href":"https:\/\/rbglobalconsulting.com\/en\/wp-json\/wp\/v2\/pages\/44\/revisions"}],"predecessor-version":[{"id":271,"href":"https:\/\/rbglobalconsulting.com\/en\/wp-json\/wp\/v2\/pages\/44\/revisions\/271"}],"wp:attachment":[{"href":"https:\/\/rbglobalconsulting.com\/en\/wp-json\/wp\/v2\/media?parent=44"}],"curies":[{"name":"wp","href":"https:\/\/api.w.org\/{rel}","templated":true}]}}