{"id":5,"date":"2021-10-25T14:29:39","date_gmt":"2021-10-25T14:29:39","guid":{"rendered":"https:\/\/rbglobalconsulting.com\/?page_id=5"},"modified":"2022-01-19T10:56:04","modified_gmt":"2022-01-19T10:56:04","slug":"serveis","status":"publish","type":"page","link":"https:\/\/rbglobalconsulting.com\/en\/serveis\/","title":{"rendered":"Services"},"content":{"rendered":"<div class=\"wpb-content-wrapper\"><div data-parent=\"true\" class=\"vc_row row-container\" id=\"row-unique-0\"><div class=\"row-background background-element\" style=\"opacity: 1;\">\n\t\t\t\t\t\t\t\t\t\t\t<div class=\"background-wrapper\">\n\t\t\t\t\t\t\t\t\t\t\t\t<div class=\"background-inner\"><\/div>\n\t\t\t\t\t\t\t\t\t\t\t\t<div class=\"block-bg-overlay style-color-xsdn-bg\" style=\"opacity: 0.5;\"><\/div>\n\t\t\t\t\t\t\t\t\t\t\t<\/div>\n\t\t\t\t\t\t\t\t\t\t<\/div><div class=\"row exa-top-padding penta-bottom-padding single-h-padding limit-width row-parent\" data-height-ratio=\"60\"><div class=\"wpb_row row-inner\"><div class=\"wpb_column pos-middle pos-center align_center column_parent col-lg-12 half-internal-gutter\"><div class=\"uncol style-light animate_when_almost_visible bottom-t-top\"  data-speed=\"1000\"><div class=\"uncoltable\"><div class=\"uncell\" ><div class=\"uncont no-block-padding col-custom-width\" style=\" max-width:996px;\" ><div class=\"vc_custom_heading_wrap\"><div class=\"heading-text el-text\" ><h6 class=\"h3 font-weight-600 text-color-194971-color text-capitalize\" ><span>Services<\/span><\/h6><\/div><div class=\"clear\"><\/div><\/div><\/div><\/div><\/div><\/div><\/div><script id=\"script-row-unique-0\" data-row=\"script-row-unique-0\" type=\"text\/javascript\" class=\"vc_controls\">UNCODE.initRow(document.getElementById(\"row-unique-0\"));<\/script><\/div><\/div><\/div><div data-parent=\"true\" class=\"vc_row row-container\" id=\"row-unique-1\"><div class=\"row limit-width row-parent\"><div class=\"wpb_row row-inner\"><div class=\"wpb_column pos-top pos-center align_left column_parent col-lg-12 single-internal-gutter\"><div class=\"uncol style-light\"  ><div class=\"uncoltable\"><div class=\"uncell no-block-padding\" ><div class=\"uncont\" ><div class=\"vc_row row-internal row-container\"><div class=\"row row-child\"><div class=\"wpb_row row-inner\"><div class=\"wpb_column pos-top pos-center align_center column_child col-lg-4 double-internal-gutter\"><div class=\"uncol style-dark\" ><div class=\"uncoltable\"><div class=\"uncell single-block-padding style-color-194971-bg\" ><div class=\"uncont\" ><div class=\"icon-box icon-box-top\" ><div class=\"icon-box-icon fa-container\"><span class=\"text-default-color btn-disable-hover\"><i class=\"fa fa-layers2 fa-4x fa-fw\"><\/i><\/span><\/div><div class=\"icon-box-content\"><div class=\"icon-box-heading icon-box-fa-4x\"><h3 class=\"h4\">Integrated Management Systems<\/h3><\/div>\n<p style=\"text-align: left;\">Consultancy and advice on the integration of the different management systems in the company, such as Quality, Prevention, Environment, Y+D+y, Energy Efficiency, among others, helps us to have the best tool to manage our Internal Management System, with the different existing standard norms.<br \/><\/p>\n<\/div><\/div><\/div><\/div><\/div><\/div><\/div><div class=\"wpb_column pos-top pos-center align_center column_child col-lg-4 double-internal-gutter\"><div class=\"uncol style-dark\" ><div class=\"uncoltable\"><div class=\"uncell single-block-padding style-color-372524-bg\" ><div class=\"uncont\" ><div class=\"icon-box icon-box-top\" ><div class=\"icon-box-icon fa-container\"><span class=\"text-default-color btn-disable-hover\"><i class=\"fa fa-thumbs-o-up fa-4x fa-fw\"><\/i><\/span><\/div><div class=\"icon-box-content\"><div class=\"icon-box-heading icon-box-fa-4x\"><h3 class=\"h4\">Quality<\/h3><\/div><p style=\"text-align: left;\">We can help you by performing diagnostics of quality processes, as well as conducting internal audits or implementing the standard. <a href=\"https:\/\/www.iso.org\/obp\/ui#iso:std:iso:9001:ed-5:v1:es\" target=\"_blank\" rel=\"noopener\">ISO 9001\/2015<\/a>. One of our strengths is the realization of specialized trainings on these topics.<\/p>\n<\/div><\/div><\/div><\/div><\/div><\/div><\/div><div class=\"wpb_column pos-top pos-center align_center column_child col-lg-4 double-internal-gutter\"><div class=\"uncol style-dark\" ><div class=\"uncoltable\"><div class=\"uncell single-block-padding style-color-529623-bg\" ><div class=\"uncont\" ><div class=\"icon-box icon-box-top\" ><div class=\"icon-box-icon fa-container\"><span class=\"text-default-color btn-disable-hover\"><i class=\"fa fa-leaf fa-4x fa-fw\"><\/i><\/span><\/div><div class=\"icon-box-content\"><div class=\"icon-box-heading icon-box-fa-4x\"><h3 class=\"h4\">Environment and sustainability<\/h3><\/div>\n<p style=\"text-align: left;\">Both legal requirements and the added value of good environmental and sustainability management make these of paramount importance. Carbon footprint, sustainable development goals, energy efficiency or the implementation of different standards.<br \/><\/p>\n<\/div><\/div><\/div><\/div><\/div><\/div><\/div><\/div><\/div><\/div><div class=\"vc_row row-internal row-container\"><div class=\"row row-child\"><div class=\"wpb_row row-inner\"><div class=\"wpb_column pos-top pos-center align_center column_child col-lg-4 single-internal-gutter\"><div class=\"uncol style-light\" ><div class=\"uncoltable\"><div class=\"uncell single-block-padding style-color-291290-bg\" ><div class=\"uncont\" ><div class=\"icon-box icon-box-top\" ><div class=\"icon-box-icon fa-container\"><span class=\"text-color-xsdn-color btn-disable-hover\"><i class=\"fa fa-plus-circle fa-4x fa-fw\"><\/i><\/span><\/div><div class=\"icon-box-content\"><div class=\"icon-box-heading icon-box-fa-4x\"><h3 class=\"h4\">Integrated Security Strategy and Consultancy<\/h3><\/div>\n<p style=\"text-align: left;\">We help to carry out a diagnosis and a strategy to integrate all the elements of security in your organisation, taking a global view of health and safety, road safety, physical security, among others.<br \/><\/p>\n<\/div><\/div><\/div><\/div><\/div><\/div><\/div><div class=\"wpb_column pos-top pos-center align_center column_child col-lg-4 single-internal-gutter\"><div class=\"uncol style-light\" ><div class=\"uncoltable\"><div class=\"uncell single-block-padding style-color-147973-bg\" ><div class=\"uncont\" ><div class=\"icon-box icon-box-top\" ><div class=\"icon-box-icon fa-container\"><span class=\"text-color-xsdn-color btn-disable-hover\"><i class=\"fa fa-group fa-4x fa-fw\"><\/i><\/span><\/div><div class=\"icon-box-content\"><div class=\"icon-box-heading icon-box-fa-4x\"><h3 class=\"h4\">Organisation and Process Consulting<\/h3><\/div>\n<p style=\"text-align: left;\">We help to organise quality, prevention and environmental processes in order to optimise both human and economic resources, their implementation, integration and daily management.<br \/><\/p>\n<\/div><\/div><\/div><\/div><\/div><\/div><\/div><div class=\"wpb_column pos-top pos-center align_center column_child col-lg-4 single-internal-gutter\"><div class=\"uncol style-light\" ><div class=\"uncoltable\"><div class=\"uncell single-block-padding style-color-131702-bg\" ><div class=\"uncont\" ><div class=\"icon-box icon-box-top\" ><div class=\"icon-box-icon fa-container\"><span class=\"text-color-xsdn-color btn-disable-hover\"><i class=\"fa fa-home3 fa-4x fa-fw\"><\/i><\/span><\/div><div class=\"icon-box-content\"><div class=\"icon-box-heading icon-box-fa-4x\"><h3 class=\"h4\">Comprehensive management of investments in real estate assets.<\/h3><\/div>\n<p style=\"text-align: left;\">In order to make investments profitable, we can participate in the study, projection, construction, construction management, operation management or marketing of your assets, as well as in the evaluation of the suitability of their operation, both in an integral manner and in any part of the process.<br \/>\n<\/p>\n<p style=\"text-align: left;\">The assessment and analysis of both the risks and the returns and profitability of these operations are also major objectives of our supervision.<br \/><\/p>\n<\/div><\/div><\/div><\/div><\/div><\/div><\/div><\/div><\/div><\/div><\/div><\/div><\/div><\/div><\/div><script id=\"script-row-unique-1\" data-row=\"script-row-unique-1\" type=\"text\/javascript\" class=\"vc_controls\">UNCODE.initRow(document.getElementById(\"row-unique-1\"));<\/script><\/div><\/div><\/div><div data-parent=\"true\" class=\"vc_row style-color-194971-bg row-container\" id=\"row-unique-2\"><div class=\"row col-double-gutter quad-top-padding quad-bottom-padding no-h-padding full-width row-parent\"><div class=\"wpb_row auto-height-device row-inner\"><div class=\"wpb_column pos-top pos-center align_center column_parent col-lg-12 col-md-25 double-internal-gutter\"><div class=\"uncol style-dark animate_when_almost_visible left-t-right\"  data-speed=\"1000\"><div class=\"uncoltable\"><div class=\"uncell no-block-padding\" ><div class=\"uncont\" ><div class=\"vc_custom_heading_wrap\"><div class=\"heading-text el-text\" ><h6 class=\"h3 font-weight-600\" ><span>Contacta&#8217;ns per a m\u00e9s informaci\u00f3<\/span><\/h6><div><p>We will inform you of all our consulting and advisory services.<\/p>\n<\/div><\/div><div class=\"clear\"><\/div><\/div><span class=\"btn-container\" ><a href=\"https:\/\/rbglobalconsulting.com\/en\/contacte\/\" class=\"custom-link btn btn-xl btn-custom-typo font-137436 font-weight-400 text-capitalize no-letterspace border-width-0 btn-default btn-square btn-icon-left\" title=\"Contact\" target=\"_blank\">Contact<\/a><\/span><\/div><\/div><\/div><\/div><\/div><script id=\"script-row-unique-2\" data-row=\"script-row-unique-2\" type=\"text\/javascript\" class=\"vc_controls\">UNCODE.initRow(document.getElementById(\"row-unique-2\"));<\/script><\/div><\/div><\/div>\n<\/div>","protected":false},"excerpt":{"rendered":"ServeisSistemes Integrats de Gesti\u00f3 Consultoria i assessorament en la integraci\u00f3 dels diferents sistemes de gesti\u00f3 a l\u2019empresa com la Qualitat, [...]","protected":false},"author":1,"featured_media":0,"parent":0,"menu_order":0,"comment_status":"closed","ping_status":"closed","template":"","meta":{"footnotes":""},"class_list":["post-5","page","type-page","status-publish","hentry"],"yoast_head":"<!-- This site is optimized with the Yoast SEO plugin v27.4 - https:\/\/yoast.com\/product\/yoast-seo-wordpress\/ -->\n<title>Serveis - RB Global Consulting<\/title>\n<meta name=\"description\" content=\"Serveis. Sistemes integrats de gesti\u00f3, qualitat, medi ambient i sostenibilitat, estrat\u00e8gia i processos, gesti\u00f3 d&#039;actius immobiliaris...\" \/>\n<meta name=\"robots\" content=\"index, follow, max-snippet:-1, max-image-preview:large, max-video-preview:-1\" \/>\n<link rel=\"canonical\" href=\"https:\/\/rbglobalconsulting.com\/en\/serveis\/\" \/>\n<meta property=\"og:locale\" content=\"en_GB\" \/>\n<meta property=\"og:type\" content=\"article\" \/>\n<meta property=\"og:title\" content=\"Serveis - RB Global Consulting\" \/>\n<meta property=\"og:description\" content=\"Serveis. Sistemes integrats de gesti\u00f3, qualitat, medi ambient i sostenibilitat, estrat\u00e8gia i processos, gesti\u00f3 d&#039;actius immobiliaris...\" \/>\n<meta property=\"og:url\" content=\"https:\/\/rbglobalconsulting.com\/en\/serveis\/\" \/>\n<meta property=\"og:site_name\" content=\"RB Global Consulting\" \/>\n<meta property=\"article:modified_time\" content=\"2022-01-19T10:56:04+00:00\" \/>\n<meta name=\"twitter:card\" content=\"summary_large_image\" \/>\n<meta name=\"twitter:label1\" content=\"Estimated reading time\" \/>\n\t<meta name=\"twitter:data1\" content=\"3 minutes\" \/>\n<script type=\"application\/ld+json\" class=\"yoast-schema-graph\">{\"@context\":\"https:\\\/\\\/schema.org\",\"@graph\":[{\"@type\":\"WebPage\",\"@id\":\"https:\\\/\\\/rbglobalconsulting.com\\\/serveis\\\/\",\"url\":\"https:\\\/\\\/rbglobalconsulting.com\\\/serveis\\\/\",\"name\":\"Serveis - RB Global Consulting\",\"isPartOf\":{\"@id\":\"https:\\\/\\\/rbglobalconsulting.com\\\/#website\"},\"datePublished\":\"2021-10-25T14:29:39+00:00\",\"dateModified\":\"2022-01-19T10:56:04+00:00\",\"description\":\"Serveis. Sistemes integrats de gesti\u00f3, qualitat, medi ambient i sostenibilitat, estrat\u00e8gia i processos, gesti\u00f3 d'actius immobiliaris...\",\"breadcrumb\":{\"@id\":\"https:\\\/\\\/rbglobalconsulting.com\\\/serveis\\\/#breadcrumb\"},\"inLanguage\":\"en-GB\",\"potentialAction\":[{\"@type\":\"ReadAction\",\"target\":[\"https:\\\/\\\/rbglobalconsulting.com\\\/serveis\\\/\"]}]},{\"@type\":\"BreadcrumbList\",\"@id\":\"https:\\\/\\\/rbglobalconsulting.com\\\/serveis\\\/#breadcrumb\",\"itemListElement\":[{\"@type\":\"ListItem\",\"position\":1,\"name\":\"Portada\",\"item\":\"https:\\\/\\\/rbglobalconsulting.com\\\/\"},{\"@type\":\"ListItem\",\"position\":2,\"name\":\"Serveis\"}]},{\"@type\":\"WebSite\",\"@id\":\"https:\\\/\\\/rbglobalconsulting.com\\\/#website\",\"url\":\"https:\\\/\\\/rbglobalconsulting.com\\\/\",\"name\":\"RB Global Consulting\",\"description\":\"Prevenci\u00f3 de riscos laborals, entorn i qualitat\",\"potentialAction\":[{\"@type\":\"SearchAction\",\"target\":{\"@type\":\"EntryPoint\",\"urlTemplate\":\"https:\\\/\\\/rbglobalconsulting.com\\\/?s={search_term_string}\"},\"query-input\":{\"@type\":\"PropertyValueSpecification\",\"valueRequired\":true,\"valueName\":\"search_term_string\"}}],\"inLanguage\":\"en-GB\"}]}<\/script>\n<!-- \/ Yoast SEO plugin. -->","yoast_head_json":{"title":"Serveis - RB Global Consulting","description":"Serveis. Sistemes integrats de gesti\u00f3, qualitat, medi ambient i sostenibilitat, estrat\u00e8gia i processos, gesti\u00f3 d'actius immobiliaris...","robots":{"index":"index","follow":"follow","max-snippet":"max-snippet:-1","max-image-preview":"max-image-preview:large","max-video-preview":"max-video-preview:-1"},"canonical":"https:\/\/rbglobalconsulting.com\/en\/serveis\/","og_locale":"en_GB","og_type":"article","og_title":"Serveis - RB Global Consulting","og_description":"Serveis. Sistemes integrats de gesti\u00f3, qualitat, medi ambient i sostenibilitat, estrat\u00e8gia i processos, gesti\u00f3 d'actius immobiliaris...","og_url":"https:\/\/rbglobalconsulting.com\/en\/serveis\/","og_site_name":"RB Global Consulting","article_modified_time":"2022-01-19T10:56:04+00:00","twitter_card":"summary_large_image","twitter_misc":{"Estimated reading time":"3 minutes"},"schema":{"@context":"https:\/\/schema.org","@graph":[{"@type":"WebPage","@id":"https:\/\/rbglobalconsulting.com\/serveis\/","url":"https:\/\/rbglobalconsulting.com\/serveis\/","name":"Serveis - RB Global Consulting","isPartOf":{"@id":"https:\/\/rbglobalconsulting.com\/#website"},"datePublished":"2021-10-25T14:29:39+00:00","dateModified":"2022-01-19T10:56:04+00:00","description":"Serveis. Sistemes integrats de gesti\u00f3, qualitat, medi ambient i sostenibilitat, estrat\u00e8gia i processos, gesti\u00f3 d'actius immobiliaris...","breadcrumb":{"@id":"https:\/\/rbglobalconsulting.com\/serveis\/#breadcrumb"},"inLanguage":"en-GB","potentialAction":[{"@type":"ReadAction","target":["https:\/\/rbglobalconsulting.com\/serveis\/"]}]},{"@type":"BreadcrumbList","@id":"https:\/\/rbglobalconsulting.com\/serveis\/#breadcrumb","itemListElement":[{"@type":"ListItem","position":1,"name":"Portada","item":"https:\/\/rbglobalconsulting.com\/"},{"@type":"ListItem","position":2,"name":"Serveis"}]},{"@type":"WebSite","@id":"https:\/\/rbglobalconsulting.com\/#website","url":"https:\/\/rbglobalconsulting.com\/","name":"RB Global Consulting","description":"Prevenci\u00f3 de riscos laborals, entorn i qualitat","potentialAction":[{"@type":"SearchAction","target":{"@type":"EntryPoint","urlTemplate":"https:\/\/rbglobalconsulting.com\/?s={search_term_string}"},"query-input":{"@type":"PropertyValueSpecification","valueRequired":true,"valueName":"search_term_string"}}],"inLanguage":"en-GB"}]}},"_links":{"self":[{"href":"https:\/\/rbglobalconsulting.com\/en\/wp-json\/wp\/v2\/pages\/5","targetHints":{"allow":["GET"]}}],"collection":[{"href":"https:\/\/rbglobalconsulting.com\/en\/wp-json\/wp\/v2\/pages"}],"about":[{"href":"https:\/\/rbglobalconsulting.com\/en\/wp-json\/wp\/v2\/types\/page"}],"author":[{"embeddable":true,"href":"https:\/\/rbglobalconsulting.com\/en\/wp-json\/wp\/v2\/users\/1"}],"replies":[{"embeddable":true,"href":"https:\/\/rbglobalconsulting.com\/en\/wp-json\/wp\/v2\/comments?post=5"}],"version-history":[{"count":35,"href":"https:\/\/rbglobalconsulting.com\/en\/wp-json\/wp\/v2\/pages\/5\/revisions"}],"predecessor-version":[{"id":269,"href":"https:\/\/rbglobalconsulting.com\/en\/wp-json\/wp\/v2\/pages\/5\/revisions\/269"}],"wp:attachment":[{"href":"https:\/\/rbglobalconsulting.com\/en\/wp-json\/wp\/v2\/media?parent=5"}],"curies":[{"name":"wp","href":"https:\/\/api.w.org\/{rel}","templated":true}]}}