{"id":5,"date":"2021-10-25T14:29:39","date_gmt":"2021-10-25T14:29:39","guid":{"rendered":"https:\/\/rbglobalconsulting.com\/?page_id=5"},"modified":"2022-01-19T10:56:04","modified_gmt":"2022-01-19T10:56:04","slug":"serveis","status":"publish","type":"page","link":"https:\/\/rbglobalconsulting.com\/es\/serveis\/","title":{"rendered":"Servicios"},"content":{"rendered":"<div class=\"wpb-content-wrapper\"><div data-parent=\"true\" class=\"vc_row row-container\" id=\"row-unique-0\"><div class=\"row-background background-element\" style=\"opacity: 1;\">\n\t\t\t\t\t\t\t\t\t\t\t<div class=\"background-wrapper\">\n\t\t\t\t\t\t\t\t\t\t\t\t<div class=\"background-inner\"><\/div>\n\t\t\t\t\t\t\t\t\t\t\t\t<div class=\"block-bg-overlay style-color-xsdn-bg\" style=\"opacity: 0.5;\"><\/div>\n\t\t\t\t\t\t\t\t\t\t\t<\/div>\n\t\t\t\t\t\t\t\t\t\t<\/div><div class=\"row exa-top-padding penta-bottom-padding single-h-padding limit-width row-parent\" data-height-ratio=\"60\"><div class=\"wpb_row row-inner\"><div class=\"wpb_column pos-middle pos-center align_center column_parent col-lg-12 half-internal-gutter\"><div class=\"uncol style-light animate_when_almost_visible bottom-t-top\"  data-speed=\"1000\"><div class=\"uncoltable\"><div class=\"uncell\" ><div class=\"uncont no-block-padding col-custom-width\" style=\" max-width:996px;\" ><div class=\"vc_custom_heading_wrap\"><div class=\"heading-text el-text\" ><h6 class=\"h3 font-weight-600 text-color-194971-color text-capitalize\" ><span>Servicios<\/span><\/h6><\/div><div class=\"clear\"><\/div><\/div><\/div><\/div><\/div><\/div><\/div><script id=\"script-row-unique-0\" data-row=\"script-row-unique-0\" type=\"text\/javascript\" class=\"vc_controls\">UNCODE.initRow(document.getElementById(\"row-unique-0\"));<\/script><\/div><\/div><\/div><div data-parent=\"true\" class=\"vc_row row-container\" id=\"row-unique-1\"><div class=\"row limit-width row-parent\"><div class=\"wpb_row row-inner\"><div class=\"wpb_column pos-top pos-center align_left column_parent col-lg-12 single-internal-gutter\"><div class=\"uncol style-light\"  ><div class=\"uncoltable\"><div class=\"uncell no-block-padding\" ><div class=\"uncont\" ><div class=\"vc_row row-internal row-container\"><div class=\"row row-child\"><div class=\"wpb_row row-inner\"><div class=\"wpb_column pos-top pos-center align_center column_child col-lg-4 double-internal-gutter\"><div class=\"uncol style-dark\" ><div class=\"uncoltable\"><div class=\"uncell single-block-padding style-color-194971-bg\" ><div class=\"uncont\" ><div class=\"icon-box icon-box-top\" ><div class=\"icon-box-icon fa-container\"><span class=\"text-default-color btn-disable-hover\"><i class=\"fa fa-layers2 fa-4x fa-fw\"><\/i><\/span><\/div><div class=\"icon-box-content\"><div class=\"icon-box-heading icon-box-fa-4x\"><h3 class=\"h4\">Sistemas Integrados de Gesti\u00f3n<\/h3><\/div>\n<p style=\"text-align: left;\">Consultor\u00eda y asesoramiento en la integraci\u00f3n de los diferentes sistemas de gesti\u00f3n a la empresa como la Calidad, Prevenci\u00f3n, Medio ambiente, Y+D+y, Eficiencia Energ\u00e9tica, entre otros, nos ayuda a tener la mejor herramienta para gestionar nuestro Sistema de Gesti\u00f3n Interno, con las diferentes normas est\u00e1ndares existentes.<br \/><\/p>\n<\/div><\/div><\/div><\/div><\/div><\/div><\/div><div class=\"wpb_column pos-top pos-center align_center column_child col-lg-4 double-internal-gutter\"><div class=\"uncol style-dark\" ><div class=\"uncoltable\"><div class=\"uncell single-block-padding style-color-372524-bg\" ><div class=\"uncont\" ><div class=\"icon-box icon-box-top\" ><div class=\"icon-box-icon fa-container\"><span class=\"text-default-color btn-disable-hover\"><i class=\"fa fa-thumbs-o-up fa-4x fa-fw\"><\/i><\/span><\/div><div class=\"icon-box-content\"><div class=\"icon-box-heading icon-box-fa-4x\"><h3 class=\"h4\">Calidad<\/h3><\/div><p style=\"text-align: left;\">Podemos ayudarle haciendo diagn\u00f3sticos de los procesos de calidad, as\u00ed como realizando auditor\u00edas internas o implementando la norma <a href=\"https:\/\/www.iso.org\/obp\/ui#iso:std:iso:9001:ed-5:v1:es\" target=\"_blank\" rel=\"noopener\">ISO 9001\/2015<\/a>. Uno de nuestros puntos fuertes es la realizaci\u00f3n de formaciones especializadas en estos temas.<\/p>\n<\/div><\/div><\/div><\/div><\/div><\/div><\/div><div class=\"wpb_column pos-top pos-center align_center column_child col-lg-4 double-internal-gutter\"><div class=\"uncol style-dark\" ><div class=\"uncoltable\"><div class=\"uncell single-block-padding style-color-529623-bg\" ><div class=\"uncont\" ><div class=\"icon-box icon-box-top\" ><div class=\"icon-box-icon fa-container\"><span class=\"text-default-color btn-disable-hover\"><i class=\"fa fa-leaf fa-4x fa-fw\"><\/i><\/span><\/div><div class=\"icon-box-content\"><div class=\"icon-box-heading icon-box-fa-4x\"><h3 class=\"h4\">Medio ambiente y sostenibilidad<\/h3><\/div>\n<p style=\"text-align: left;\">Tanto los requisitos legales como el valor a\u00f1adido de una buena gesti\u00f3n del medio ambiente y la sostenibilidad, hacen que estos sean de capital importancia. La huella de carbono, los objetivos de desarrollo sostenible, la eficiencia energ\u00e9tica o la implementaci\u00f3n de las diferentes normas est\u00e1ndares.<br \/><\/p>\n<\/div><\/div><\/div><\/div><\/div><\/div><\/div><\/div><\/div><\/div><div class=\"vc_row row-internal row-container\"><div class=\"row row-child\"><div class=\"wpb_row row-inner\"><div class=\"wpb_column pos-top pos-center align_center column_child col-lg-4 single-internal-gutter\"><div class=\"uncol style-light\" ><div class=\"uncoltable\"><div class=\"uncell single-block-padding style-color-291290-bg\" ><div class=\"uncont\" ><div class=\"icon-box icon-box-top\" ><div class=\"icon-box-icon fa-container\"><span class=\"text-color-xsdn-color btn-disable-hover\"><i class=\"fa fa-plus-circle fa-4x fa-fw\"><\/i><\/span><\/div><div class=\"icon-box-content\"><div class=\"icon-box-heading icon-box-fa-4x\"><h3 class=\"h4\">Consultor\u00eda y Estrategia en Seguridad Integral<\/h3><\/div>\n<p style=\"text-align: left;\">Ayudamos a realizar un diagn\u00f3stico y una estrategia para integrar todos los elementos de seguridad en vuestra organizaci\u00f3n, haciendo una visi\u00f3n global de la seguridad y la salud, seguridad vial, seguridad f\u00edsica, entre otros.<br \/><\/p>\n<\/div><\/div><\/div><\/div><\/div><\/div><\/div><div class=\"wpb_column pos-top pos-center align_center column_child col-lg-4 single-internal-gutter\"><div class=\"uncol style-light\" ><div class=\"uncoltable\"><div class=\"uncell single-block-padding style-color-147973-bg\" ><div class=\"uncont\" ><div class=\"icon-box icon-box-top\" ><div class=\"icon-box-icon fa-container\"><span class=\"text-color-xsdn-color btn-disable-hover\"><i class=\"fa fa-group fa-4x fa-fw\"><\/i><\/span><\/div><div class=\"icon-box-content\"><div class=\"icon-box-heading icon-box-fa-4x\"><h3 class=\"h4\">Consultor\u00eda en Organizaci\u00f3n y Procesos<\/h3><\/div>\n<p style=\"text-align: left;\">Ayudamos a organizar los procesos en materia de calidad, prevenci\u00f3n y medio ambiente para optimizar los recursos tanto humanos como econ\u00f3micos, su implantaci\u00f3n, su integraci\u00f3n y gesti\u00f3n diaria.<br \/><\/p>\n<\/div><\/div><\/div><\/div><\/div><\/div><\/div><div class=\"wpb_column pos-top pos-center align_center column_child col-lg-4 single-internal-gutter\"><div class=\"uncol style-light\" ><div class=\"uncoltable\"><div class=\"uncell single-block-padding style-color-131702-bg\" ><div class=\"uncont\" ><div class=\"icon-box icon-box-top\" ><div class=\"icon-box-icon fa-container\"><span class=\"text-color-xsdn-color btn-disable-hover\"><i class=\"fa fa-home3 fa-4x fa-fw\"><\/i><\/span><\/div><div class=\"icon-box-content\"><div class=\"icon-box-heading icon-box-fa-4x\"><h3 class=\"h4\">Gesti\u00f3n integral de inversiones en activos inmobiliarios.<\/h3><\/div>\n<p style=\"text-align: left;\">Con el fin de rentabilizar las inversiones podemos participar, tanto de forma integral, como en cualquiera de las partes del proceso, en el estudio, proyecci\u00f3n, construcci\u00f3n, direcci\u00f3n de obra, gesti\u00f3n de explotaci\u00f3n o comercializaci\u00f3n de sus activos, as\u00ed como en la evaluaci\u00f3n de la idoneidad de su explotaci\u00f3n.<br \/>\n<\/p>\n<p style=\"text-align: left;\">La evaluaci\u00f3n y an\u00e1lisis tanto de los riesgos como de los retornos y rentabilidad de estas explotaciones son tambi\u00e9n objetivos principales de nuestra supervisi\u00f3n.<br \/><\/p>\n<\/div><\/div><\/div><\/div><\/div><\/div><\/div><\/div><\/div><\/div><\/div><\/div><\/div><\/div><\/div><script id=\"script-row-unique-1\" data-row=\"script-row-unique-1\" type=\"text\/javascript\" class=\"vc_controls\">UNCODE.initRow(document.getElementById(\"row-unique-1\"));<\/script><\/div><\/div><\/div><div data-parent=\"true\" class=\"vc_row style-color-194971-bg row-container\" id=\"row-unique-2\"><div class=\"row col-double-gutter quad-top-padding quad-bottom-padding no-h-padding full-width row-parent\"><div class=\"wpb_row auto-height-device row-inner\"><div class=\"wpb_column pos-top pos-center align_center column_parent col-lg-12 col-md-25 double-internal-gutter\"><div class=\"uncol style-dark animate_when_almost_visible left-t-right\"  data-speed=\"1000\"><div class=\"uncoltable\"><div class=\"uncell no-block-padding\" ><div class=\"uncont\" ><div class=\"vc_custom_heading_wrap\"><div class=\"heading-text el-text\" ><h6 class=\"h3 font-weight-600\" ><span>Contacta&#8217;ns per a m\u00e9s informaci\u00f3<\/span><\/h6><div><p>Te informaremos de todos nuestros servicios de consultoria y asesoramiento.<\/p>\n<\/div><\/div><div class=\"clear\"><\/div><\/div><span class=\"btn-container\" ><a href=\"https:\/\/rbglobalconsulting.com\/es\/contacte\/\" class=\"custom-link btn btn-xl btn-custom-typo font-137436 font-weight-400 text-capitalize no-letterspace border-width-0 btn-default btn-square btn-icon-left\" title=\"Contacto\" target=\"_blank\">Contacto<\/a><\/span><\/div><\/div><\/div><\/div><\/div><script id=\"script-row-unique-2\" data-row=\"script-row-unique-2\" type=\"text\/javascript\" class=\"vc_controls\">UNCODE.initRow(document.getElementById(\"row-unique-2\"));<\/script><\/div><\/div><\/div>\n<\/div>","protected":false},"excerpt":{"rendered":"ServeisSistemes Integrats de Gesti\u00f3 Consultoria i assessorament en la integraci\u00f3 dels diferents sistemes de gesti\u00f3 a l\u2019empresa com la Qualitat, [...]","protected":false},"author":1,"featured_media":0,"parent":0,"menu_order":0,"comment_status":"closed","ping_status":"closed","template":"","meta":{"footnotes":""},"class_list":["post-5","page","type-page","status-publish","hentry"],"yoast_head":"<!-- This site is optimized with the Yoast SEO plugin v27.4 - https:\/\/yoast.com\/product\/yoast-seo-wordpress\/ -->\n<title>Serveis - RB Global Consulting<\/title>\n<meta name=\"description\" content=\"Serveis. Sistemes integrats de gesti\u00f3, qualitat, medi ambient i sostenibilitat, estrat\u00e8gia i processos, gesti\u00f3 d&#039;actius immobiliaris...\" \/>\n<meta name=\"robots\" content=\"index, follow, max-snippet:-1, max-image-preview:large, max-video-preview:-1\" \/>\n<link rel=\"canonical\" href=\"https:\/\/rbglobalconsulting.com\/es\/serveis\/\" \/>\n<meta property=\"og:locale\" content=\"es_ES\" \/>\n<meta property=\"og:type\" content=\"article\" \/>\n<meta property=\"og:title\" content=\"Serveis - RB Global Consulting\" \/>\n<meta property=\"og:description\" content=\"Serveis. Sistemes integrats de gesti\u00f3, qualitat, medi ambient i sostenibilitat, estrat\u00e8gia i processos, gesti\u00f3 d&#039;actius immobiliaris...\" \/>\n<meta property=\"og:url\" content=\"https:\/\/rbglobalconsulting.com\/es\/serveis\/\" \/>\n<meta property=\"og:site_name\" content=\"RB Global Consulting\" \/>\n<meta property=\"article:modified_time\" content=\"2022-01-19T10:56:04+00:00\" \/>\n<meta name=\"twitter:card\" content=\"summary_large_image\" \/>\n<meta name=\"twitter:label1\" content=\"Tiempo de lectura\" \/>\n\t<meta name=\"twitter:data1\" content=\"3 minutos\" \/>\n<script type=\"application\/ld+json\" class=\"yoast-schema-graph\">{\"@context\":\"https:\\\/\\\/schema.org\",\"@graph\":[{\"@type\":\"WebPage\",\"@id\":\"https:\\\/\\\/rbglobalconsulting.com\\\/serveis\\\/\",\"url\":\"https:\\\/\\\/rbglobalconsulting.com\\\/serveis\\\/\",\"name\":\"Serveis - RB Global Consulting\",\"isPartOf\":{\"@id\":\"https:\\\/\\\/rbglobalconsulting.com\\\/#website\"},\"datePublished\":\"2021-10-25T14:29:39+00:00\",\"dateModified\":\"2022-01-19T10:56:04+00:00\",\"description\":\"Serveis. Sistemes integrats de gesti\u00f3, qualitat, medi ambient i sostenibilitat, estrat\u00e8gia i processos, gesti\u00f3 d'actius immobiliaris...\",\"breadcrumb\":{\"@id\":\"https:\\\/\\\/rbglobalconsulting.com\\\/serveis\\\/#breadcrumb\"},\"inLanguage\":\"es\",\"potentialAction\":[{\"@type\":\"ReadAction\",\"target\":[\"https:\\\/\\\/rbglobalconsulting.com\\\/serveis\\\/\"]}]},{\"@type\":\"BreadcrumbList\",\"@id\":\"https:\\\/\\\/rbglobalconsulting.com\\\/serveis\\\/#breadcrumb\",\"itemListElement\":[{\"@type\":\"ListItem\",\"position\":1,\"name\":\"Portada\",\"item\":\"https:\\\/\\\/rbglobalconsulting.com\\\/\"},{\"@type\":\"ListItem\",\"position\":2,\"name\":\"Serveis\"}]},{\"@type\":\"WebSite\",\"@id\":\"https:\\\/\\\/rbglobalconsulting.com\\\/#website\",\"url\":\"https:\\\/\\\/rbglobalconsulting.com\\\/\",\"name\":\"RB Global Consulting\",\"description\":\"Prevenci\u00f3 de riscos laborals, entorn i qualitat\",\"potentialAction\":[{\"@type\":\"SearchAction\",\"target\":{\"@type\":\"EntryPoint\",\"urlTemplate\":\"https:\\\/\\\/rbglobalconsulting.com\\\/?s={search_term_string}\"},\"query-input\":{\"@type\":\"PropertyValueSpecification\",\"valueRequired\":true,\"valueName\":\"search_term_string\"}}],\"inLanguage\":\"es\"}]}<\/script>\n<!-- \/ Yoast SEO plugin. -->","yoast_head_json":{"title":"Serveis - RB Global Consulting","description":"Serveis. Sistemes integrats de gesti\u00f3, qualitat, medi ambient i sostenibilitat, estrat\u00e8gia i processos, gesti\u00f3 d'actius immobiliaris...","robots":{"index":"index","follow":"follow","max-snippet":"max-snippet:-1","max-image-preview":"max-image-preview:large","max-video-preview":"max-video-preview:-1"},"canonical":"https:\/\/rbglobalconsulting.com\/es\/serveis\/","og_locale":"es_ES","og_type":"article","og_title":"Serveis - RB Global Consulting","og_description":"Serveis. Sistemes integrats de gesti\u00f3, qualitat, medi ambient i sostenibilitat, estrat\u00e8gia i processos, gesti\u00f3 d'actius immobiliaris...","og_url":"https:\/\/rbglobalconsulting.com\/es\/serveis\/","og_site_name":"RB Global Consulting","article_modified_time":"2022-01-19T10:56:04+00:00","twitter_card":"summary_large_image","twitter_misc":{"Tiempo de lectura":"3 minutos"},"schema":{"@context":"https:\/\/schema.org","@graph":[{"@type":"WebPage","@id":"https:\/\/rbglobalconsulting.com\/serveis\/","url":"https:\/\/rbglobalconsulting.com\/serveis\/","name":"Serveis - RB Global Consulting","isPartOf":{"@id":"https:\/\/rbglobalconsulting.com\/#website"},"datePublished":"2021-10-25T14:29:39+00:00","dateModified":"2022-01-19T10:56:04+00:00","description":"Serveis. Sistemes integrats de gesti\u00f3, qualitat, medi ambient i sostenibilitat, estrat\u00e8gia i processos, gesti\u00f3 d'actius immobiliaris...","breadcrumb":{"@id":"https:\/\/rbglobalconsulting.com\/serveis\/#breadcrumb"},"inLanguage":"es","potentialAction":[{"@type":"ReadAction","target":["https:\/\/rbglobalconsulting.com\/serveis\/"]}]},{"@type":"BreadcrumbList","@id":"https:\/\/rbglobalconsulting.com\/serveis\/#breadcrumb","itemListElement":[{"@type":"ListItem","position":1,"name":"Portada","item":"https:\/\/rbglobalconsulting.com\/"},{"@type":"ListItem","position":2,"name":"Serveis"}]},{"@type":"WebSite","@id":"https:\/\/rbglobalconsulting.com\/#website","url":"https:\/\/rbglobalconsulting.com\/","name":"RB Global Consulting","description":"Prevenci\u00f3 de riscos laborals, entorn i qualitat","potentialAction":[{"@type":"SearchAction","target":{"@type":"EntryPoint","urlTemplate":"https:\/\/rbglobalconsulting.com\/?s={search_term_string}"},"query-input":{"@type":"PropertyValueSpecification","valueRequired":true,"valueName":"search_term_string"}}],"inLanguage":"es"}]}},"_links":{"self":[{"href":"https:\/\/rbglobalconsulting.com\/es\/wp-json\/wp\/v2\/pages\/5","targetHints":{"allow":["GET"]}}],"collection":[{"href":"https:\/\/rbglobalconsulting.com\/es\/wp-json\/wp\/v2\/pages"}],"about":[{"href":"https:\/\/rbglobalconsulting.com\/es\/wp-json\/wp\/v2\/types\/page"}],"author":[{"embeddable":true,"href":"https:\/\/rbglobalconsulting.com\/es\/wp-json\/wp\/v2\/users\/1"}],"replies":[{"embeddable":true,"href":"https:\/\/rbglobalconsulting.com\/es\/wp-json\/wp\/v2\/comments?post=5"}],"version-history":[{"count":35,"href":"https:\/\/rbglobalconsulting.com\/es\/wp-json\/wp\/v2\/pages\/5\/revisions"}],"predecessor-version":[{"id":269,"href":"https:\/\/rbglobalconsulting.com\/es\/wp-json\/wp\/v2\/pages\/5\/revisions\/269"}],"wp:attachment":[{"href":"https:\/\/rbglobalconsulting.com\/es\/wp-json\/wp\/v2\/media?parent=5"}],"curies":[{"name":"wp","href":"https:\/\/api.w.org\/{rel}","templated":true}]}}